{"id":121,"date":"2015-10-27T19:37:43","date_gmt":"2015-10-27T19:37:43","guid":{"rendered":"https:\/\/www.havensvenner.dk\/?page_id=121"},"modified":"2016-07-19T05:23:07","modified_gmt":"2016-07-19T05:23:07","slug":"brudelys","status":"publish","type":"page","link":"https:\/\/www.havensvenner.dk\/?page_id=121","title":{"rendered":"Brudelys"},"content":{"rendered":"<figure id=\"attachment_122\" aria-describedby=\"caption-attachment-122\" style=\"width: 300px\" class=\"wp-caption aligncenter\"><a href=\"https:\/\/www.havensvenner.dk\/wp-content\/uploads\/2015\/10\/image1.jpeg\"><img loading=\"lazy\" decoding=\"async\" class=\"size-medium wp-image-122\" src=\"https:\/\/www.havensvenner.dk\/wp-content\/uploads\/2015\/10\/image1-300x200.jpeg\" alt=\"Nu er der plantet Brudelys i kanalen i Brandts Have. Vegetationen er n\u00e6sten sk\u00e5ret helt ned, s\u00e5 der er ikke meget at se og slet ikke Brudelys som m\u00e5ske blomster til juli og et par m\u00e5neder frem.\" width=\"300\" height=\"200\" srcset=\"https:\/\/www.havensvenner.dk\/wp-content\/uploads\/2015\/10\/image1-300x200.jpeg 300w, https:\/\/www.havensvenner.dk\/wp-content\/uploads\/2015\/10\/image1-1024x683.jpeg 1024w\" sizes=\"auto, (max-width: 300px) 100vw, 300px\" \/><\/a><figcaption id=\"caption-attachment-122\" class=\"wp-caption-text\">Nu er der plantet Brudelys i kanalen i Brandts Have. Vegetationen er n\u00e6sten sk\u00e5ret helt ned, s\u00e5 der er ikke meget at se og slet ikke Brudelys som m\u00e5ske blomster til juli og et par m\u00e5neder frem.<\/figcaption><\/figure>\n<p>&nbsp;<\/p>\n<figure id=\"attachment_213\" aria-describedby=\"caption-attachment-213\" style=\"width: 604px\" class=\"wp-caption alignleft\"><a href=\"https:\/\/www.havensvenner.dk\/?attachment_id=213\" rel=\"attachment wp-att-213\"><img loading=\"lazy\" decoding=\"async\" class=\"size-large wp-image-213\" src=\"https:\/\/www.havensvenner.dk\/wp-content\/uploads\/2015\/10\/image-1-1024x1024.jpeg\" alt=\"Brudelys\" width=\"604\" height=\"604\" \/><\/a><figcaption id=\"caption-attachment-213\" class=\"wp-caption-text\">Brudelys<\/figcaption><\/figure>\n","protected":false},"excerpt":{"rendered":"<p>&nbsp;<\/p>\n","protected":false},"author":3,"featured_media":0,"parent":86,"menu_order":0,"comment_status":"closed","ping_status":"closed","template":"","meta":{"footnotes":""},"class_list":["post-121","page","type-page","status-publish","hentry"],"_links":{"self":[{"href":"https:\/\/www.havensvenner.dk\/index.php?rest_route=\/wp\/v2\/pages\/121","targetHints":{"allow":["GET"]}}],"collection":[{"href":"https:\/\/www.havensvenner.dk\/index.php?rest_route=\/wp\/v2\/pages"}],"about":[{"href":"https:\/\/www.havensvenner.dk\/index.php?rest_route=\/wp\/v2\/types\/page"}],"author":[{"embeddable":true,"href":"https:\/\/www.havensvenner.dk\/index.php?rest_route=\/wp\/v2\/users\/3"}],"replies":[{"embeddable":true,"href":"https:\/\/www.havensvenner.dk\/index.php?rest_route=%2Fwp%2Fv2%2Fcomments&post=121"}],"version-history":[{"count":2,"href":"https:\/\/www.havensvenner.dk\/index.php?rest_route=\/wp\/v2\/pages\/121\/revisions"}],"predecessor-version":[{"id":214,"href":"https:\/\/www.havensvenner.dk\/index.php?rest_route=\/wp\/v2\/pages\/121\/revisions\/214"}],"up":[{"embeddable":true,"href":"https:\/\/www.havensvenner.dk\/index.php?rest_route=\/wp\/v2\/pages\/86"}],"wp:attachment":[{"href":"https:\/\/www.havensvenner.dk\/index.php?rest_route=%2Fwp%2Fv2%2Fmedia&parent=121"}],"curies":[{"name":"wp","href":"https:\/\/api.w.org\/{rel}","templated":true}]}}