{"id":135,"date":"2015-10-31T19:30:27","date_gmt":"2015-10-31T19:30:27","guid":{"rendered":"https:\/\/www.havensvenner.dk\/?page_id=135"},"modified":"2016-02-09T19:22:27","modified_gmt":"2016-02-09T19:22:27","slug":"kai-nielsen-leda-med-svanen","status":"publish","type":"page","link":"https:\/\/www.havensvenner.dk\/?page_id=135","title":{"rendered":"Kai Nielsen: Leda med svanen"},"content":{"rendered":"<figure id=\"attachment_36\" aria-describedby=\"caption-attachment-36\" style=\"width: 224px\" class=\"wp-caption aligncenter\"><a href=\"https:\/\/www.havensvenner.dk\/wp-content\/uploads\/2015\/04\/image3.jpg\"><img loading=\"lazy\" decoding=\"async\" class=\"size-medium wp-image-36\" src=\"https:\/\/www.havensvenner.dk\/wp-content\/uploads\/2015\/04\/image3-224x300.jpg\" alt=\"G.N.Brandt med den rygvendte Leda\" width=\"224\" height=\"300\" \/><\/a><figcaption id=\"caption-attachment-36\" class=\"wp-caption-text\">G.N.Brandt med den rygvendte Leda<\/figcaption><\/figure>\n<p>Det var bevidst, G.N.Brandt vendte skulpturen med ryggen mod beskueren. Han mente ryggen var smuk og sensuel.<\/p>\n<p>&nbsp;<\/p>\n<p><strong><strong>Gentofte Kommunes oplysninger om skulpturen:<\/strong><\/strong><\/p>\n<p><a href=\"http:\/\/www.danskkulturarv.dk\/indhold\/leda-med-svanen-med-g-n-brandt-i-plantningen-bag-skulpturen\/\" target=\"_blank\">Leda med svanen<\/a><\/p>\n<p>Hans Ove Pedersen arbejder med et notat om Leda med svanen. Her er lidt derfra i \u00e5rets nyt\u00e5rshilsen til havens venner:<\/p>\n<p>Ivar Bentsen har tegnet villaen i 1917, \u00d8rnekulsvej 14 eller Krathusvej 2. Kai Nielsen flyttede formentlig ind i 1918. Muligvis er Brandts Haves udgave af Leda udf\u00f8rt i husets atelier, der findes to andre udgaver. En p\u00e5 Statens Museum og en p\u00e5 Museum Odense.<\/p>\n<p>Hans Ove har f\u00e5et en del oplysninger af arkitekt Jesper Sandfeld, der blandt andet skriver flg:<br \/>\n&#8220;Jeg har ingen tvivl om at der var n\u00e6re kontakter mellem Kai Nielsen, Ivar Bentsen, Bindesb\u00f8ll og Brandt. De var alle 4 kulturb\u00e6rende personer i deres tid. Kai Nielsen udformede bla. Bl\u00e5g\u00e5rds Plads sammen med Ivar Bentsen. Ivar Bentsen var en af foregangsm\u00e6ndene i \u201dBedre Byggeskik\u201d bla. med sin Bakkehusene \u2013 r\u00e6kkehusbebyggelse.&#8221;<\/p>\n<p>Godt Nyt\u00e5r vh Birgit Bjerregaard, bibliotekar<\/p>\n","protected":false},"excerpt":{"rendered":"<p>Det var bevidst, G.N.Brandt vendte skulpturen med ryggen mod beskueren. Han mente ryggen var smuk og sensuel. &nbsp; Gentofte Kommunes oplysninger om skulpturen: Leda med svanen Hans Ove Pedersen arbejder med et notat om Leda med svanen. Her er lidt derfra i \u00e5rets nyt\u00e5rshilsen til havens venner: Ivar Bentsen har tegnet villaen i 1917, \u00d8rnekulsvej &hellip; <a href=\"https:\/\/www.havensvenner.dk\/?page_id=135\" class=\"more-link\">L\u00e6s videre <span class=\"screen-reader-text\">Kai Nielsen: Leda med svanen<\/span> <span class=\"meta-nav\">&rarr;<\/span><\/a><\/p>\n","protected":false},"author":3,"featured_media":0,"parent":0,"menu_order":0,"comment_status":"closed","ping_status":"closed","template":"","meta":{"footnotes":""},"class_list":["post-135","page","type-page","status-publish","hentry"],"_links":{"self":[{"href":"https:\/\/www.havensvenner.dk\/index.php?rest_route=\/wp\/v2\/pages\/135","targetHints":{"allow":["GET"]}}],"collection":[{"href":"https:\/\/www.havensvenner.dk\/index.php?rest_route=\/wp\/v2\/pages"}],"about":[{"href":"https:\/\/www.havensvenner.dk\/index.php?rest_route=\/wp\/v2\/types\/page"}],"author":[{"embeddable":true,"href":"https:\/\/www.havensvenner.dk\/index.php?rest_route=\/wp\/v2\/users\/3"}],"replies":[{"embeddable":true,"href":"https:\/\/www.havensvenner.dk\/index.php?rest_route=%2Fwp%2Fv2%2Fcomments&post=135"}],"version-history":[{"count":6,"href":"https:\/\/www.havensvenner.dk\/index.php?rest_route=\/wp\/v2\/pages\/135\/revisions"}],"predecessor-version":[{"id":187,"href":"https:\/\/www.havensvenner.dk\/index.php?rest_route=\/wp\/v2\/pages\/135\/revisions\/187"}],"wp:attachment":[{"href":"https:\/\/www.havensvenner.dk\/index.php?rest_route=%2Fwp%2Fv2%2Fmedia&parent=135"}],"curies":[{"name":"wp","href":"https:\/\/api.w.org\/{rel}","templated":true}]}}