{"id":145,"date":"2015-11-01T08:27:06","date_gmt":"2015-11-01T08:27:06","guid":{"rendered":"https:\/\/www.havensvenner.dk\/?page_id=145"},"modified":"2015-11-01T08:27:06","modified_gmt":"2015-11-01T08:27:06","slug":"litteratur-om-brandts-have","status":"publish","type":"page","link":"https:\/\/www.havensvenner.dk\/?page_id=145","title":{"rendered":"Litteratur om Brandts Have"},"content":{"rendered":"<p>Listen har vi l\u00e5nt fra ParkogNatur.dk:<\/p>\n<p>1.Havens spor sammenholdt med Aksel Andersens opm\u00e5linger i plan og opstalt 1930<br \/>\n2.Brandts egne fotos (Brandts arkiv, Biblioteket, Gentofte)<br \/>\n3.J\u00f8rn Palle Schmidts (JPS) planteliste<br \/>\n4.Malene Hauxner, Fantasiens have (1993)<br \/>\n5.Lulu Salto Stephensen, Tradition og fornyelse i danske havekunst. G.N. Brandt og de f\u00f8rste \u00e5rtier af 1900-tallet (1993)<br \/>\n6.Peter Olesen, K\u00f8benhavn i haver og parker, Gartner Brandts have, side 56, 1993<br \/>\n7.Annemarie Lund, Guide til dansk havekunst (1996)<br \/>\n8.Lulu Salto Stephensen, Danmarks Havekunst 2. bind af 3, 2006?<br \/>\n9.Lulu Salto Stephensen,Garden Design in Denmark. G.N. Brandt and the Early Decades of the Twentieth Century (2007)<br \/>\n10. Christian M\u00f8rup Jensens registrering af beplantningen i adgangshaven 4. 06.1968<br \/>\n11.Ulla Larsens beplantningsplan til gr\u00f8ften maj 1990<br \/>\n12. Aksel Andersens niece Kirsten Kidde har bidraget med beplantningsbeskrivelser og tekster om sommeropholdet for en lille pige i 1950\u00b4erne.<br \/>\n13. Professorerne Georg Boye, J\u00f8rn Palle Schmidt, Malene Hauxner, Sven-Ingvar Andersson, Ib Asger Olsen (alle afd\u00f8de) har bidraget til viden om haven. Ligeledes har Professorerne Thomas Randrup, Steen H\u00f8yer og Stig Lennart Andersson ydet bidrag.<\/p>\n","protected":false},"excerpt":{"rendered":"<p>Listen har vi l\u00e5nt fra ParkogNatur.dk: 1.Havens spor sammenholdt med Aksel Andersens opm\u00e5linger i plan og opstalt 1930 2.Brandts egne fotos (Brandts arkiv, Biblioteket, Gentofte) 3.J\u00f8rn Palle Schmidts (JPS) planteliste 4.Malene Hauxner, Fantasiens have (1993) 5.Lulu Salto Stephensen, Tradition og fornyelse i danske havekunst. G.N. Brandt og de f\u00f8rste \u00e5rtier af 1900-tallet (1993) 6.Peter Olesen, &hellip; <a href=\"https:\/\/www.havensvenner.dk\/?page_id=145\" class=\"more-link\">L\u00e6s videre <span class=\"screen-reader-text\">Litteratur om Brandts Have<\/span> <span class=\"meta-nav\">&rarr;<\/span><\/a><\/p>\n","protected":false},"author":3,"featured_media":0,"parent":0,"menu_order":0,"comment_status":"closed","ping_status":"closed","template":"","meta":{"footnotes":""},"class_list":["post-145","page","type-page","status-publish","hentry"],"_links":{"self":[{"href":"https:\/\/www.havensvenner.dk\/index.php?rest_route=\/wp\/v2\/pages\/145","targetHints":{"allow":["GET"]}}],"collection":[{"href":"https:\/\/www.havensvenner.dk\/index.php?rest_route=\/wp\/v2\/pages"}],"about":[{"href":"https:\/\/www.havensvenner.dk\/index.php?rest_route=\/wp\/v2\/types\/page"}],"author":[{"embeddable":true,"href":"https:\/\/www.havensvenner.dk\/index.php?rest_route=\/wp\/v2\/users\/3"}],"replies":[{"embeddable":true,"href":"https:\/\/www.havensvenner.dk\/index.php?rest_route=%2Fwp%2Fv2%2Fcomments&post=145"}],"version-history":[{"count":1,"href":"https:\/\/www.havensvenner.dk\/index.php?rest_route=\/wp\/v2\/pages\/145\/revisions"}],"predecessor-version":[{"id":147,"href":"https:\/\/www.havensvenner.dk\/index.php?rest_route=\/wp\/v2\/pages\/145\/revisions\/147"}],"wp:attachment":[{"href":"https:\/\/www.havensvenner.dk\/index.php?rest_route=%2Fwp%2Fv2%2Fmedia&parent=145"}],"curies":[{"name":"wp","href":"https:\/\/api.w.org\/{rel}","templated":true}]}}