{"id":179,"date":"2015-11-12T22:46:28","date_gmt":"2015-11-12T22:46:28","guid":{"rendered":"https:\/\/www.havensvenner.dk\/?page_id=179"},"modified":"2015-11-12T22:57:55","modified_gmt":"2015-11-12T22:57:55","slug":"forsvundne-elementer-fra-haven","status":"publish","type":"page","link":"https:\/\/www.havensvenner.dk\/?page_id=179","title":{"rendered":"Forsvundne elementer fra haven"},"content":{"rendered":"<p><b>Den lille Mariafigur er et fint lille gravm\u00e6le, der oprindeligt stod i baghaven.<\/b><\/p>\n<figure id=\"attachment_177\" aria-describedby=\"caption-attachment-177\" style=\"width: 604px\" class=\"wp-caption alignleft\"><a href=\"https:\/\/www.havensvenner.dk\/wp-content\/uploads\/2015\/11\/image1.jpeg\"><img loading=\"lazy\" decoding=\"async\" class=\"size-large wp-image-177\" src=\"https:\/\/www.havensvenner.dk\/wp-content\/uploads\/2015\/11\/image1-1024x680.jpeg\" alt=\"Mariafigur.\" width=\"604\" height=\"401\" srcset=\"https:\/\/www.havensvenner.dk\/wp-content\/uploads\/2015\/11\/image1-1024x680.jpeg 1024w, https:\/\/www.havensvenner.dk\/wp-content\/uploads\/2015\/11\/image1-300x199.jpeg 300w, https:\/\/www.havensvenner.dk\/wp-content\/uploads\/2015\/11\/image1.jpeg 2048w\" sizes=\"auto, (max-width: 604px) 100vw, 604px\" \/><\/a><figcaption id=\"caption-attachment-177\" class=\"wp-caption-text\">Mariafigur<\/figcaption><\/figure>\n<p>&nbsp;<\/p>\n<p>&nbsp;<\/p>\n<p>&nbsp;<\/p>\n<p>&nbsp;<\/p>\n<p>&nbsp;<\/p>\n<p>&nbsp;<\/p>\n<p>&nbsp;<\/p>\n<p>&nbsp;<\/p>\n<p>&nbsp;<\/p>\n<p>&nbsp;<\/p>\n<p><b>Denne lille opsl\u00e5ede bog i beton, er et lille gravm\u00e6le, der befandt sig i Skovhaven. En saddelmager med datoer p\u00e5 stenen fra Brandts tid.<\/b><\/p>\n<figure id=\"attachment_184\" aria-describedby=\"caption-attachment-184\" style=\"width: 1024px\" class=\"wp-caption alignleft\"><a href=\"https:\/\/www.havensvenner.dk\/wp-content\/uploads\/2015\/11\/image2.jpeg\"><img loading=\"lazy\" decoding=\"async\" class=\"size-full wp-image-184\" src=\"https:\/\/www.havensvenner.dk\/wp-content\/uploads\/2015\/11\/image2.jpeg\" alt=\"Bog i beton, gravm\u00e6le for ukendt saddelmager.\" width=\"1024\" height=\"1024\" srcset=\"https:\/\/www.havensvenner.dk\/wp-content\/uploads\/2015\/11\/image2.jpeg 1024w, https:\/\/www.havensvenner.dk\/wp-content\/uploads\/2015\/11\/image2-150x150.jpeg 150w, https:\/\/www.havensvenner.dk\/wp-content\/uploads\/2015\/11\/image2-300x300.jpeg 300w\" sizes=\"auto, (max-width: 1024px) 100vw, 1024px\" \/><\/a><figcaption id=\"caption-attachment-184\" class=\"wp-caption-text\">Bog i beton, gravm\u00e6le for ukendt saddelmager.<\/figcaption><\/figure>\n<p>&nbsp;<\/p>\n<p>&nbsp;<\/p>\n<p>&nbsp;<\/p>\n","protected":false},"excerpt":{"rendered":"<p>Den lille Mariafigur er et fint lille gravm\u00e6le, der oprindeligt stod i baghaven. &nbsp; &nbsp; &nbsp; &nbsp; &nbsp; &nbsp; &nbsp; &nbsp; &nbsp; &nbsp; Denne lille opsl\u00e5ede bog i beton, er et lille gravm\u00e6le, der befandt sig i Skovhaven. En saddelmager med datoer p\u00e5 stenen fra Brandts tid. &nbsp; &nbsp; &nbsp;<\/p>\n","protected":false},"author":3,"featured_media":0,"parent":0,"menu_order":7,"comment_status":"closed","ping_status":"closed","template":"","meta":{"footnotes":""},"class_list":["post-179","page","type-page","status-publish","hentry"],"_links":{"self":[{"href":"https:\/\/www.havensvenner.dk\/index.php?rest_route=\/wp\/v2\/pages\/179","targetHints":{"allow":["GET"]}}],"collection":[{"href":"https:\/\/www.havensvenner.dk\/index.php?rest_route=\/wp\/v2\/pages"}],"about":[{"href":"https:\/\/www.havensvenner.dk\/index.php?rest_route=\/wp\/v2\/types\/page"}],"author":[{"embeddable":true,"href":"https:\/\/www.havensvenner.dk\/index.php?rest_route=\/wp\/v2\/users\/3"}],"replies":[{"embeddable":true,"href":"https:\/\/www.havensvenner.dk\/index.php?rest_route=%2Fwp%2Fv2%2Fcomments&post=179"}],"version-history":[{"count":4,"href":"https:\/\/www.havensvenner.dk\/index.php?rest_route=\/wp\/v2\/pages\/179\/revisions"}],"predecessor-version":[{"id":185,"href":"https:\/\/www.havensvenner.dk\/index.php?rest_route=\/wp\/v2\/pages\/179\/revisions\/185"}],"wp:attachment":[{"href":"https:\/\/www.havensvenner.dk\/index.php?rest_route=%2Fwp%2Fv2%2Fmedia&parent=179"}],"curies":[{"name":"wp","href":"https:\/\/api.w.org\/{rel}","templated":true}]}}