{"id":47,"date":"2015-04-16T10:41:29","date_gmt":"2015-04-16T10:41:29","guid":{"rendered":"https:\/\/www.havensvenner.dk\/?page_id=47"},"modified":"2015-04-18T12:08:18","modified_gmt":"2015-04-18T12:08:18","slug":"om-os","status":"publish","type":"page","link":"https:\/\/www.havensvenner.dk\/?page_id=47","title":{"rendered":"Om os"},"content":{"rendered":"<p><strong>Blogadministratorer:<\/strong><\/p>\n<p>&nbsp;<\/p>\n<p>Hans Ove Pedersen, landskabsarkitekt og formand for Brandts Haves Venner<\/p>\n<p><a href=\"https:\/\/www.havensvenner.dk\/wp-content\/uploads\/2015\/04\/image7.jpg\"><img loading=\"lazy\" decoding=\"async\" class=\"alignleft wp-image-81 size-thumbnail\" src=\"https:\/\/www.havensvenner.dk\/wp-content\/uploads\/2015\/04\/image7-150x150.jpg\" alt=\"image\" width=\"150\" height=\"150\" \/><\/a><\/p>\n<p>&nbsp;<\/p>\n<p>&nbsp;<\/p>\n<p>&nbsp;<\/p>\n<p>&nbsp;<\/p>\n<p>Birgit Bjerregaard, pensioneret bibliotekar og redakt\u00f8r af facebookside om G.N.Brandts Have<\/p>\n<p><a href=\"https:\/\/www.havensvenner.dk\/wp-content\/uploads\/2015\/04\/image6-e1429358232186.jpg\"><img loading=\"lazy\" decoding=\"async\" class=\"alignleft wp-image-80 size-thumbnail\" src=\"https:\/\/www.havensvenner.dk\/wp-content\/uploads\/2015\/04\/image6-e1429357159412-150x150.jpg\" alt=\"image\" width=\"150\" height=\"150\" \/><\/a><\/p>\n<p>&nbsp;<\/p>\n<p>&nbsp;<\/p>\n<p>&nbsp;<\/p>\n<p>&nbsp;<\/p>\n<p>Form\u00e5l med denne blog er at l\u00e6gge vigtige foto, dokumenter, tekster og videoer om haven ud, s\u00e5 de bliver tilg\u00e6ngelige.<\/p>\n<p>P\u00e5 facebooksiden vil man hele tiden se det nyeste, men desv\u00e6rre ikke kunne fastholde vigtige dokumenter.<\/p>\n","protected":false},"excerpt":{"rendered":"<p>Blogadministratorer: &nbsp; Hans Ove Pedersen, landskabsarkitekt og formand for Brandts Haves Venner &nbsp; &nbsp; &nbsp; &nbsp; Birgit Bjerregaard, pensioneret bibliotekar og redakt\u00f8r af facebookside om G.N.Brandts Have &nbsp; &nbsp; &nbsp; &nbsp; Form\u00e5l med denne blog er at l\u00e6gge vigtige foto, dokumenter, tekster og videoer om haven ud, s\u00e5 de bliver tilg\u00e6ngelige. P\u00e5 facebooksiden vil man &hellip; <a href=\"https:\/\/www.havensvenner.dk\/?page_id=47\" class=\"more-link\">L\u00e6s videre <span class=\"screen-reader-text\">Om os<\/span> <span class=\"meta-nav\">&rarr;<\/span><\/a><\/p>\n","protected":false},"author":3,"featured_media":0,"parent":0,"menu_order":0,"comment_status":"open","ping_status":"open","template":"","meta":{"footnotes":""},"class_list":["post-47","page","type-page","status-publish","hentry"],"_links":{"self":[{"href":"https:\/\/www.havensvenner.dk\/index.php?rest_route=\/wp\/v2\/pages\/47","targetHints":{"allow":["GET"]}}],"collection":[{"href":"https:\/\/www.havensvenner.dk\/index.php?rest_route=\/wp\/v2\/pages"}],"about":[{"href":"https:\/\/www.havensvenner.dk\/index.php?rest_route=\/wp\/v2\/types\/page"}],"author":[{"embeddable":true,"href":"https:\/\/www.havensvenner.dk\/index.php?rest_route=\/wp\/v2\/users\/3"}],"replies":[{"embeddable":true,"href":"https:\/\/www.havensvenner.dk\/index.php?rest_route=%2Fwp%2Fv2%2Fcomments&post=47"}],"version-history":[{"count":4,"href":"https:\/\/www.havensvenner.dk\/index.php?rest_route=\/wp\/v2\/pages\/47\/revisions"}],"predecessor-version":[{"id":83,"href":"https:\/\/www.havensvenner.dk\/index.php?rest_route=\/wp\/v2\/pages\/47\/revisions\/83"}],"wp:attachment":[{"href":"https:\/\/www.havensvenner.dk\/index.php?rest_route=%2Fwp%2Fv2%2Fmedia&parent=47"}],"curies":[{"name":"wp","href":"https:\/\/api.w.org\/{rel}","templated":true}]}}