{"id":57,"date":"2015-04-17T07:32:33","date_gmt":"2015-04-17T07:32:33","guid":{"rendered":"https:\/\/www.havensvenner.dk\/?page_id=57"},"modified":"2016-02-09T19:28:29","modified_gmt":"2016-02-09T19:28:29","slug":"links","status":"publish","type":"page","link":"https:\/\/www.havensvenner.dk\/?page_id=57","title":{"rendered":"Links"},"content":{"rendered":"<p><strong>Andre haver\/parker skabt af G.N.Brandt<\/strong><\/p>\n<p><a href=\"http:\/\/www.parkognatur.dk\/fileadmin\/filer\/freesites\/parkognatur\/filer\/Dokumenter\/4._Aktiviteter\/Nyhedsbreve\/27_-_KPN_besoeg_i_Brandts_have_i_Vordingborg.pdf\" target=\"_blank\">Hans Ove Pedersens artikel om Historisk Botanisk Have i Vordingborg<\/a><\/p>\n<p><a href=\"http:\/\/www.gentofte.dk\/da\/Borger\/By-og-milj\u00f8\/Kirkeg\u00e5rde\/Mariebjerg-Kirkeg\u00e5rd\/Mariebjerg-Kirkeg\u00e5rd-historie-og-udvikling\" target=\"_blank\">Mariebjerg Kirkeg\u00e5rd<\/a><\/p>\n<p>En meget smuk kirkeg\u00e5rd med mange forskellige rum. En b\u00f8rnekirkeg\u00e5rd, et rum med r\u00e5 tr\u00e6kors, sten lagt ind i skr\u00e6nterne. Flotte klippede h\u00e6kke. Det er G.N.Brandts hovedv\u00e6rk.<\/p>\n<p><a href=\"http:\/\/byogland.dk\/documents\/fredning_hellerup_strandpark.pdf\" target=\"_blank\">Rosenhaven i Hellerup<\/a><\/p>\n<p>Lige nu arbejder man p\u00e5 at frede haven.<\/p>\n<p>K\u00e6re Brandts Haves Venner<br \/>\nHermed afg\u00f8relse i sagen om fredning af Hellerup Strandpark med de fleste tr\u00e6r\u00e6kker i omr\u00e5det, men uden havn og diverse klubbygninger som oprindeligt foresl\u00e5et af Landsforeningen for Bygnings- og Landskabskultur. Bem\u00e6rk: det opfyldte (oprindeligt fors\u00e6nkede) gr\u00e6sareal i midten af staudehaven er anbefalet s\u00e6nket igen, hvilket giver mulighed for gr\u00e6sklipning med robot som p\u00e5 Mariebjerg Kirkeg\u00e5rd. Endvidere er den sidste tr\u00e6r\u00e6kke, der skiller rosenhaven fra havn inddraget i fredningen. Kommunen er imod.<br \/>\nMed venlig hilsen<br \/>\nHans Ove<\/p>\n<p><a href=\"http:\/\/www.helsingorleksikon.dk\/index.php\/Marienlyst_Slot\" target=\"_blank\">G.N.Brandt har genoprettet haven ved Marienlyst Slot ved Helsing\u00f8r<\/a><\/p>\n<p>&nbsp;<\/p>\n<p><strong>Danish Society of Open Gardens:<\/strong><\/p>\n<p><a href=\"http:\/\/www.danishgardens.dk\/gn-brandts-have\" target=\"_blank\">Brandts Have er optaget i Danish Society of Open Gardens<\/a><\/p>\n<p>&nbsp;<\/p>\n<p><strong>Andre skriver om G.N.Brandts Have:<\/strong><\/p>\n<p><b>Havearkitekt Kjeld Slot har skrevet om Brandts Have p\u00e5 sin blog:<\/b>:<\/p>\n<p><a title=\"Kjeld Slots blog\" href=\"http:\/\/kjeldslot.blogspot.dk\/2015\/03\/brandts-haves-venner.html\">http:\/\/kjeldslot.blogspot.dk\/2015\/03\/brandts-haves-venner.html<\/a><\/p>\n<p>&nbsp;<\/p>\n<p>Foreningen kommunale Park og Naturforvaltere:<\/p>\n<p><a href=\"http:\/\/www.parkognatur.dk\/aktiviteter\/netvaerksgrupper\/brandts-haves-venner\/\">Her skriver de specielt om Brandts Haves Venner.<\/a><\/p>\n<p>&nbsp;<\/p>\n<p><strong>Andre interessante haver:<\/strong><\/p>\n<p>Nellemanns Have i S\u00e6by, specielt kendt for de mange paradis\u00e6bletr\u00e6er:<\/p>\n<p><a href=\"http:\/\/www.nellemanns-have.dk\">Nellemanns Have, S\u00e6by<\/a><\/p>\n","protected":false},"excerpt":{"rendered":"<p>Andre haver\/parker skabt af G.N.Brandt Hans Ove Pedersens artikel om Historisk Botanisk Have i Vordingborg Mariebjerg Kirkeg\u00e5rd En meget smuk kirkeg\u00e5rd med mange forskellige rum. En b\u00f8rnekirkeg\u00e5rd, et rum med r\u00e5 tr\u00e6kors, sten lagt ind i skr\u00e6nterne. Flotte klippede h\u00e6kke. Det er G.N.Brandts hovedv\u00e6rk. Rosenhaven i Hellerup Lige nu arbejder man p\u00e5 at frede haven. &hellip; <a href=\"https:\/\/www.havensvenner.dk\/?page_id=57\" class=\"more-link\">L\u00e6s videre <span class=\"screen-reader-text\">Links<\/span> <span class=\"meta-nav\">&rarr;<\/span><\/a><\/p>\n","protected":false},"author":3,"featured_media":5,"parent":0,"menu_order":0,"comment_status":"open","ping_status":"open","template":"","meta":{"footnotes":""},"class_list":["post-57","page","type-page","status-publish","has-post-thumbnail","hentry"],"_links":{"self":[{"href":"https:\/\/www.havensvenner.dk\/index.php?rest_route=\/wp\/v2\/pages\/57","targetHints":{"allow":["GET"]}}],"collection":[{"href":"https:\/\/www.havensvenner.dk\/index.php?rest_route=\/wp\/v2\/pages"}],"about":[{"href":"https:\/\/www.havensvenner.dk\/index.php?rest_route=\/wp\/v2\/types\/page"}],"author":[{"embeddable":true,"href":"https:\/\/www.havensvenner.dk\/index.php?rest_route=\/wp\/v2\/users\/3"}],"replies":[{"embeddable":true,"href":"https:\/\/www.havensvenner.dk\/index.php?rest_route=%2Fwp%2Fv2%2Fcomments&post=57"}],"version-history":[{"count":23,"href":"https:\/\/www.havensvenner.dk\/index.php?rest_route=\/wp\/v2\/pages\/57\/revisions"}],"predecessor-version":[{"id":188,"href":"https:\/\/www.havensvenner.dk\/index.php?rest_route=\/wp\/v2\/pages\/57\/revisions\/188"}],"wp:featuredmedia":[{"embeddable":true,"href":"https:\/\/www.havensvenner.dk\/index.php?rest_route=\/wp\/v2\/media\/5"}],"wp:attachment":[{"href":"https:\/\/www.havensvenner.dk\/index.php?rest_route=%2Fwp%2Fv2%2Fmedia&parent=57"}],"curies":[{"name":"wp","href":"https:\/\/api.w.org\/{rel}","templated":true}]}}