{"id":86,"date":"2015-04-20T10:43:56","date_gmt":"2015-04-20T10:43:56","guid":{"rendered":"https:\/\/www.havensvenner.dk\/?page_id=86"},"modified":"2019-02-09T08:42:40","modified_gmt":"2019-02-09T08:42:40","slug":"havens-planter","status":"publish","type":"page","link":"https:\/\/www.havensvenner.dk\/?page_id=86","title":{"rendered":"Havens planter"},"content":{"rendered":"<figure style=\"width: 1505px\" class=\"wp-caption alignnone\"><a href=\"https:\/\/www.havensvenner.dk\/wp-content\/uploads\/2015\/04\/image9.jpg\"><img loading=\"lazy\" decoding=\"async\" class=\"alignnone wp-image-88 size-full\" src=\"https:\/\/www.havensvenner.dk\/wp-content\/uploads\/2015\/04\/image9.jpg\" alt=\"image\" width=\"1505\" height=\"1382\" srcset=\"https:\/\/www.havensvenner.dk\/wp-content\/uploads\/2015\/04\/image9.jpg 1505w, https:\/\/www.havensvenner.dk\/wp-content\/uploads\/2015\/04\/image9-300x275.jpg 300w, https:\/\/www.havensvenner.dk\/wp-content\/uploads\/2015\/04\/image9-1024x940.jpg 1024w\" sizes=\"auto, (max-width: 1505px) 100vw, 1505px\" \/><\/a><figcaption class=\"wp-caption-text\">Puschkinia Libanotic, 250 l\u00f8g lagt i gr\u00e6spl\u00e6nerne<\/figcaption><\/figure>\n<figure id=\"attachment_258\" aria-describedby=\"caption-attachment-258\" style=\"width: 720px\" class=\"wp-caption aligncenter\"><a href=\"https:\/\/www.havensvenner.dk\/?attachment_id=258\" rel=\"attachment wp-att-258\"><img loading=\"lazy\" decoding=\"async\" class=\"size-full wp-image-258\" src=\"https:\/\/www.havensvenner.dk\/wp-content\/uploads\/2015\/04\/F6F9C337-2150-4C27-A36C-B4303C9F1818.jpeg\" alt=\"\" width=\"720\" height=\"960\" srcset=\"https:\/\/www.havensvenner.dk\/wp-content\/uploads\/2015\/04\/F6F9C337-2150-4C27-A36C-B4303C9F1818.jpeg 720w, https:\/\/www.havensvenner.dk\/wp-content\/uploads\/2015\/04\/F6F9C337-2150-4C27-A36C-B4303C9F1818-225x300.jpeg 225w\" sizes=\"auto, (max-width: 720px) 100vw, 720px\" \/><\/a><figcaption id=\"caption-attachment-258\" class=\"wp-caption-text\">Hammamelis Mollis, februar 2019<\/figcaption><\/figure>\n<figure id=\"attachment_253\" aria-describedby=\"caption-attachment-253\" style=\"width: 540px\" class=\"wp-caption aligncenter\"><a href=\"https:\/\/www.havensvenner.dk\/?attachment_id=253\" rel=\"attachment wp-att-253\"><img loading=\"lazy\" decoding=\"async\" class=\"size-full wp-image-253\" src=\"https:\/\/www.havensvenner.dk\/wp-content\/uploads\/2015\/04\/7A5EA006-8CFC-4A8E-BA3A-8AD34AB05837.jpeg\" alt=\"\" width=\"540\" height=\"720\" srcset=\"https:\/\/www.havensvenner.dk\/wp-content\/uploads\/2015\/04\/7A5EA006-8CFC-4A8E-BA3A-8AD34AB05837.jpeg 540w, https:\/\/www.havensvenner.dk\/wp-content\/uploads\/2015\/04\/7A5EA006-8CFC-4A8E-BA3A-8AD34AB05837-225x300.jpeg 225w\" sizes=\"auto, (max-width: 540px) 100vw, 540px\" \/><\/a><figcaption id=\"caption-attachment-253\" class=\"wp-caption-text\">Acanthus mollis med n\u00e6sten violette blomsterstande.<\/figcaption><\/figure>\n<figure id=\"attachment_94\" aria-describedby=\"caption-attachment-94\" style=\"width: 1530px\" class=\"wp-caption alignnone\"><a href=\"https:\/\/www.havensvenner.dk\/wp-content\/uploads\/2015\/04\/image10.jpg\"><img loading=\"lazy\" decoding=\"async\" class=\"wp-image-94 size-full\" src=\"https:\/\/www.havensvenner.dk\/wp-content\/uploads\/2015\/04\/image10.jpg\" alt=\"Engkabbeleje i gr\u00f8ften\" width=\"1530\" height=\"1518\" srcset=\"https:\/\/www.havensvenner.dk\/wp-content\/uploads\/2015\/04\/image10.jpg 1530w, https:\/\/www.havensvenner.dk\/wp-content\/uploads\/2015\/04\/image10-150x150.jpg 150w, https:\/\/www.havensvenner.dk\/wp-content\/uploads\/2015\/04\/image10-300x298.jpg 300w, https:\/\/www.havensvenner.dk\/wp-content\/uploads\/2015\/04\/image10-1024x1016.jpg 1024w\" sizes=\"auto, (max-width: 1530px) 100vw, 1530px\" \/><\/a><figcaption id=\"caption-attachment-94\" class=\"wp-caption-text\">Engkabbeleje i gr\u00f8ften<\/figcaption><\/figure>\n<p>&nbsp;<\/p>\n<p>&nbsp;<\/p>\n","protected":false},"excerpt":{"rendered":"<p>&nbsp; &nbsp;<\/p>\n","protected":false},"author":3,"featured_media":0,"parent":0,"menu_order":0,"comment_status":"open","ping_status":"open","template":"","meta":{"footnotes":""},"class_list":["post-86","page","type-page","status-publish","hentry"],"_links":{"self":[{"href":"https:\/\/www.havensvenner.dk\/index.php?rest_route=\/wp\/v2\/pages\/86","targetHints":{"allow":["GET"]}}],"collection":[{"href":"https:\/\/www.havensvenner.dk\/index.php?rest_route=\/wp\/v2\/pages"}],"about":[{"href":"https:\/\/www.havensvenner.dk\/index.php?rest_route=\/wp\/v2\/types\/page"}],"author":[{"embeddable":true,"href":"https:\/\/www.havensvenner.dk\/index.php?rest_route=\/wp\/v2\/users\/3"}],"replies":[{"embeddable":true,"href":"https:\/\/www.havensvenner.dk\/index.php?rest_route=%2Fwp%2Fv2%2Fcomments&post=86"}],"version-history":[{"count":6,"href":"https:\/\/www.havensvenner.dk\/index.php?rest_route=\/wp\/v2\/pages\/86\/revisions"}],"predecessor-version":[{"id":254,"href":"https:\/\/www.havensvenner.dk\/index.php?rest_route=\/wp\/v2\/pages\/86\/revisions\/254"}],"wp:attachment":[{"href":"https:\/\/www.havensvenner.dk\/index.php?rest_route=%2Fwp%2Fv2%2Fmedia&parent=86"}],"curies":[{"name":"wp","href":"https:\/\/api.w.org\/{rel}","templated":true}]}}